{"id":1750,"date":"2017-02-03T07:14:02","date_gmt":"2017-02-03T07:14:02","guid":{"rendered":"http:\/\/hoteleverestarco.it\/hotel-sul-lago-di-garda\/"},"modified":"2022-06-14T09:12:48","modified_gmt":"2022-06-14T07:12:48","slug":"home-2","status":"publish","type":"page","link":"https:\/\/www.hoteleverestarco.it\/de\/","title":{"rendered":"Home"},"content":{"rendered":"<div class=\"wpb-content-wrapper\">[vc_row fullwidth=&#8220;true&#8220;][vc_column][mk_edge_slider first_el=&#8220;true&#8220; swiper_bg=&#8220;#ffb60b&#8220; height=&#8220;0&#8243; animation_effect=&#8220;fade&#8220; pagination=&#8220;none&#8220; skip_arrow=&#8220;false&#8220;][\/vc_column][\/vc_row][mk_page_section min_height=&#8220;200&#8243; padding_top=&#8220;150&#8243; padding_bottom=&#8220;150&#8243; sidebar=&#8220;sidebar-1&#8243;][vc_column css=&#8220;.vc_custom_1495639660844{padding: 10{6973f8c0eae5720cd5ce39209edbcd560e785b58343d36882e1867d6d081cffa} !important;}&#8220;][mk_fancy_title font_family=&#8220;none&#8220;]\n<h2 style=\"text-align: center;\"><span style=\"color: #005379;\">Hotel Everest Arco: Das Hotel am Gardasee,<\/span><\/h2>\n<h2 style=\"text-align: center;\"><span style=\"color: #005379;\">einer einzigartigen Landschaft<\/span><\/h2>\n[\/mk_fancy_title][vc_column_text css=&#8220;.vc_custom_1526545234559{margin-bottom: 0px !important;}&#8220;]Sport, Kultur, Unterhaltung sowie frische Luft und viel, viel Natur: Wenn das die Zutaten Ihres Traumurlaubs sind, dann sind Sie im Hotel Everest Arco, Ihrem Hotel am Gardasee, an der richtigen Adresse. Bequem \u00fcber alle Hauptzufahrtsrouten zu erreichen, ist das Hotel Everest Arco trotzdem ruhig gelegen &#8211; eingebettet in das Gr\u00fcn einer einzigartigen Landschaft.<\/p>\n<p>Arco gilt als Tor zum Gardasee und als kleines Paradies, das sich dank eines unvergleichlichen Mikroklimas entwickelt hat: mit sanften, mit Reben und Olivenb\u00e4umen bepflanzten H\u00fcgeln und einer Reihe \u00fcberschaubarer St\u00e4dte und D\u00f6rfer mit einer langen Geschichte. Hier finden nicht nur Natur- und Kulturliebhaber, was sie suchen, sondern auch (und vor allem) Sportler.[\/vc_column_text][\/vc_column][\/mk_page_section][vc_row fullwidth=&#8220;true&#8220; equal_columns=&#8220;true&#8220; attached=&#8220;true&#8220; css=&#8220;.vc_custom_1502368273276{background-color: #005379 !important;}&#8220;][vc_column width=&#8220;5\/12&#8243; css=&#8220;.vc_custom_1495639774672{background-color: #005379 !important;}&#8220;][mk_custom_box padding_vertical=&#8220;80&#8243; padding_horizental=&#8220;60&#8243; margin_bottom=&#8220;0&#8243; min_height=&#8220;550&#8243; bg_color=&#8220;#005379&#8243; bg_stretch=&#8220;true&#8220;][mk_padding_divider size=&#8220;80&#8243;][vc_column_text disable_pattern=&#8220;false&#8220; css=&#8220;.vc_custom_1526545263317{margin-bottom: 0px !important;}&#8220;]<span style=\"color: #ffffff;\">All das liegt vor der Haust\u00fcr des Hotel Everest Arco, dem Hotel am Gardasee, das seinen G\u00e4sten einen unvergesslichen Urlaub in einer weltweit einzigartigen Landschaft verspricht.<\/span><\/p>\n<p><span style=\"color: #ffffff;\">Wenn also auch Sie eines der beliebtesten Feriengebiete Italiens, ja Europas erkunden m\u00f6chten, fangen Sie am besten im Hotel Everest Arco damit an!<\/span>[\/vc_column_text][mk_padding_divider][mk_button dimension=&#8220;flat&#8220; size=&#8220;medium&#8220; url=&#8220;de\/hotel\/&#8220; margin_right=&#8220;0&#8243;]WEITERLESEN[\/mk_button][\/mk_custom_box][vc_row_inner visibility=&#8220;visible-sm&#8220; css=&#8220;.vc_custom_1523430696527{background-image: url(http:\/\/hoteleverestarco.it\/wp-content\/uploads\/2018\/03\/fam.jpg?id=1410) !important;background-position: center !important;background-repeat: no-repeat !important;background-size: contain !important;}&#8220;][vc_column_inner][mk_padding_divider size=&#8220;250&#8243;][\/vc_column_inner][\/vc_row_inner][\/vc_column][vc_column width=&#8220;7\/12&#8243; css=&#8220;.vc_custom_1522075682754{background-image: url(http:\/\/hoteleverestarco.it\/wp-content\/uploads\/2018\/03\/fam.jpg?id=1410) !important;background-position: center !important;background-repeat: no-repeat !important;background-size: cover !important;}&#8220; offset=&#8220;vc_hidden-sm vc_hidden-xs&#8220;][mk_padding_divider size=&#8220;750&#8243;][\/vc_column][\/vc_row][mk_page_section full_width=&#8220;true&#8220; js_vertical_centered=&#8220;true&#8220; padding_top=&#8220;0&#8243; padding_bottom=&#8220;0&#8243; sidebar=&#8220;sidebar-1&#8243;][vc_column width=&#8220;1\/3&#8243; css=&#8220;.vc_custom_1522139756730{padding-top: 10% !important;padding-bottom: 10% !important;background-image: url(http:\/\/hoteleverestarco.it\/wp-content\/uploads\/2018\/03\/camere_h.jpg?id=1438) !important;background-position: center !important;background-repeat: no-repeat !important;background-size: cover !important;}&#8220;][mk_fancy_title color=&#8220;#ffffff&#8220; margin_bottom=&#8220;0&#8243; font_family=&#8220;none&#8220; align=&#8220;center&#8220;]\n<h2><span style=\"color: #ffffff;\">Zimmer<\/span><\/h2>\n[\/mk_fancy_title][vc_column_text align=&#8220;center&#8220; css=&#8220;.vc_custom_1527237249885{margin-bottom: 0px !important;}&#8220;]<span style=\"color: #ffffff;\">Suchen Sie Ihr Lieblingszimmer aus!<\/span>[\/vc_column_text][mk_button dimension=&#8220;flat&#8220; size=&#8220;medium&#8220; url=&#8220;de\/zimmer\/&#8220; align=&#8220;center&#8220; margin_right=&#8220;0&#8243;]WEITERLESEN[\/mk_button][\/vc_column][vc_column width=&#8220;1\/3&#8243; css=&#8220;.vc_custom_1655190762852{padding-top: 10% !important;padding-bottom: 10% !important;background-position: center !important;background-repeat: no-repeat !important;background-size: cover !important;}&#8220;][mk_fancy_title color=&#8220;#ffffff&#8220; margin_bottom=&#8220;0&#8243; font_family=&#8220;none&#8220; align=&#8220;center&#8220;]\n<h2><span style=\"color: #ffffff;\">Fr\u00fchst\u00fcck<\/span><\/h2>\n[\/mk_fancy_title][vc_column_text align=&#8220;center&#8220; css=&#8220;.vc_custom_1655190725802{margin-bottom: 0px !important;}&#8220;]<span style=\"color: #ffffff;\">S\u00fc\u00dfes und Herzhaftes<\/span>[\/vc_column_text][mk_button dimension=&#8220;flat&#8220; size=&#8220;medium&#8220; url=&#8220;de\/restaurant\/&#8220; align=&#8220;center&#8220; margin_right=&#8220;0&#8243;]WEITERLESEN[\/mk_button][\/vc_column][vc_column width=&#8220;1\/3&#8243; css=&#8220;.vc_custom_1536835830085{padding-top: 10% !important;padding-bottom: 10% !important;background-image: url(https:\/\/www.hoteleverestarco.it\/wp-content\/uploads\/2018\/09\/dgl_4191.jpg?id=1974) !important;background-position: center !important;background-repeat: no-repeat !important;background-size: cover !important;}&#8220;][mk_fancy_title color=&#8220;#ffffff&#8220; margin_bottom=&#8220;0&#8243; font_family=&#8220;none&#8220; align=&#8220;center&#8220;]\n<h2><span style=\"color: #ffffff;\">Angebote<\/span><\/h2>\n[\/mk_fancy_title][vc_column_text align=&#8220;center&#8220; css=&#8220;.vc_custom_1527237808646{margin-bottom: 0px !important;}&#8220;]<span style=\"color: #ffffff;\">Entdecken Sie unsere Angebote<\/span>[\/vc_column_text][mk_button dimension=&#8220;flat&#8220; size=&#8220;medium&#8220; url=&#8220;https:\/\/www.simplebooking.it\/ibe\/hotelbooking\/search?hid=4563&amp;lang=de&#8220; target=&#8220;_blank&#8220; align=&#8220;center&#8220; margin_right=&#8220;0&#8243;]WEITERLESEN[\/mk_button][\/vc_column][\/mk_page_section][mk_page_section bg_color=&#8220;#005379&#8243; bg_position=&#8220;center center&#8220; min_height=&#8220;300&#8243; full_width=&#8220;true&#8220; js_vertical_centered=&#8220;true&#8220; sidebar=&#8220;sidebar-1&#8243;][vc_column][vc_column_text css=&#8220;.vc_custom_1527237715222{margin-bottom: 0px !important;}&#8220;]\n<h2 style=\"text-align: center;\"><span style=\"color: #ffffff;\">Auf der Suche nach einem Hotel am Gardasee?<\/span><\/h2>\n<h3 style=\"text-align: center;\"><span style=\"color: #ffffff;\">Buchen Sie jetzt ihren Aufenthalt und finden Sie heraus, welche Annehmlichkeiten unser Hotel bietet!<\/span><\/h3>\n[\/vc_column_text][mk_button dimension=&#8220;flat&#8220; size=&#8220;medium&#8220; url=&#8220;https:\/\/www.simplebooking.it\/ibe\/hotelbooking\/search?hid=4563&amp;lang=de&#8220; target=&#8220;_blank&#8220; align=&#8220;center&#8220; margin_right=&#8220;0&#8243;]WEITERLESEN[\/mk_button][\/vc_column][\/mk_page_section]\n<\/div>","protected":false},"excerpt":{"rendered":"<p>[vc_row fullwidth=&#8220;true&#8220;][vc_column][mk_edge_slider first_el=&#8220;true&#8220; swiper_bg=&#8220;#ffb60b&#8220; height=&#8220;0&#8243; animation_effect=&#8220;fade&#8220; pagination=&#8220;none&#8220; skip_arrow=&#8220;false&#8220;][\/vc_column][\/vc_row][mk_page_section min_height=&#8220;200&#8243; padding_top=&#8220;150&#8243; padding_bottom=&#8220;150&#8243; sidebar=&#8220;sidebar-1&#8243;][vc_column css=&#8220;.vc_custom_1495639660844{padding: 10{6973f8c0eae5720cd5ce39209edbcd560e785b58343d36882e1867d6d081cffa} !important;}&#8220;][mk_fancy_title font_family=&#8220;none&#8220;] Hotel Everest Arco: Das Hotel am Gardasee, einer einzigartigen Landschaft [\/mk_fancy_title][vc_column_text css=&#8220;.vc_custom_1526545234559{margin-bottom: 0px !important;}&#8220;]Sport, Kultur, Unterhaltung sowie frische Luft und viel, viel Natur: Wenn das die Zutaten Ihres Traumurlaubs sind, dann sind Sie im Hotel Everest Arco, Ihrem Hotel [&hellip;]<\/p>\n","protected":false},"author":1,"featured_media":0,"parent":0,"menu_order":15,"comment_status":"closed","ping_status":"closed","template":"","meta":{"footnotes":""},"class_list":["post-1750","page","type-page","status-publish","hentry"],"_links":{"self":[{"href":"https:\/\/www.hoteleverestarco.it\/de\/wp-json\/wp\/v2\/pages\/1750","targetHints":{"allow":["GET"]}}],"collection":[{"href":"https:\/\/www.hoteleverestarco.it\/de\/wp-json\/wp\/v2\/pages"}],"about":[{"href":"https:\/\/www.hoteleverestarco.it\/de\/wp-json\/wp\/v2\/types\/page"}],"author":[{"embeddable":true,"href":"https:\/\/www.hoteleverestarco.it\/de\/wp-json\/wp\/v2\/users\/1"}],"replies":[{"embeddable":true,"href":"https:\/\/www.hoteleverestarco.it\/de\/wp-json\/wp\/v2\/comments?post=1750"}],"version-history":[{"count":11,"href":"https:\/\/www.hoteleverestarco.it\/de\/wp-json\/wp\/v2\/pages\/1750\/revisions"}],"predecessor-version":[{"id":2192,"href":"https:\/\/www.hoteleverestarco.it\/de\/wp-json\/wp\/v2\/pages\/1750\/revisions\/2192"}],"wp:attachment":[{"href":"https:\/\/www.hoteleverestarco.it\/de\/wp-json\/wp\/v2\/media?parent=1750"}],"curies":[{"name":"wp","href":"https:\/\/api.w.org\/{rel}","templated":true}]}}