{"id":1754,"date":"2017-05-25T10:27:01","date_gmt":"2017-05-25T08:27:01","guid":{"rendered":"http:\/\/hoteleverestarco.it\/albergo-ad-arco\/"},"modified":"2022-07-04T09:55:57","modified_gmt":"2022-07-04T07:55:57","slug":"hotel","status":"publish","type":"page","link":"https:\/\/www.hoteleverestarco.it\/de\/hotel\/","title":{"rendered":"Hotel"},"content":{"rendered":"<div class=\"wpb-content-wrapper\">[vc_row fullwidth=&#8220;true&#8220; css=&#8220;.vc_custom_1536835396573{margin-top: 0px !important;margin-right: 0px !important;margin-bottom: 0px !important;margin-left: 0px !important;border-top-width: 0px !important;border-right-width: 0px !important;border-bottom-width: 0px !important;border-left-width: 0px !important;padding-top: 0px !important;padding-right: 0px !important;padding-bottom: 0px !important;padding-left: 0px !important;background-image: url(https:\/\/www.hoteleverestarco.it\/wp-content\/uploads\/2018\/09\/hotel.jpg?id=1998) !important;background-position: center !important;background-repeat: no-repeat !important;background-size: cover !important;}&#8220;][vc_column][mk_padding_divider size=&#8220;650&#8243;][\/vc_column][\/vc_row][mk_page_section min_height=&#8220;200&#8243; padding_top=&#8220;100&#8243; padding_bottom=&#8220;100&#8243; sidebar=&#8220;sidebar-1&#8243;][vc_column css=&#8220;.vc_custom_1495639660844{padding: 10{6973f8c0eae5720cd5ce39209edbcd560e785b58343d36882e1867d6d081cffa} !important;}&#8220;][mk_fancy_title font_family=&#8220;none&#8220;]\n<h1 style=\"text-align: center;\"><span style=\"color: #005379;\">Hotel Everest Arco: <\/span><\/h1>\n<h1 style=\"text-align: center;\"><span style=\"color: #005379;\">Ihr Hotel in Arco am Gardasee<\/span><\/h1>\n[\/mk_fancy_title][vc_column_text css=&#8220;.vc_custom_1526549988101{margin-bottom: 0px !important;}&#8220;]In einem kleinen, ruhigen Ortsteil etwas au\u00dferhalb des Dorfes gelegen, ist das Hotel Everest Arco Ihr Hotel in Arco am Gardasee.<\/p>\n<p>Diesen Teil des Sees nennen die Ortskundigen &#8222;busa&#8220;, eine dialektale Form des italienischen Wortes &#8222;buca&#8220;, das wiederum f\u00fcr &#8222;Grube&#8220; steht. Damit beschreibt man die nahezu ebene, zwischen Berge eingebettete Landschaft. Hier dominieren zwei Elemente die Aussicht: auf der einen Seite sind es die Reben und Olivenkulturen, die bis hier herunter reichen, auf der anderen das dunkle Blau des Gardasees, auf das man von den Fenstern unseres Hotels blickt.<\/p>\n<p>Die Lage des Hotel Everest Arco ist also ideal f\u00fcr all jene, die diese Landschaft mit allen Sinnen genie\u00dfen und bequem bis ans Ufer des Gardasees gelangen wollen.<\/p>\n<p>Das liegt nicht zuletzt daran, dass Arco und das Hotel bequem von der Brennerautobahn aus erreicht werden k\u00f6nnen. Und zudem bieten Arco und seine Umgebung zahllose M\u00f6glichkeiten, den Urlaub am Gardasee unvergesslich zu machen: mit einer einzigartigen Mischung aus Sport, Natur, Unterhaltung und Kultur.[\/vc_column_text][\/vc_column][\/mk_page_section][mk_page_section full_width=&#8220;true&#8220; js_vertical_centered=&#8220;true&#8220; padding_top=&#8220;0&#8243; padding_bottom=&#8220;0&#8243; sidebar=&#8220;sidebar-1&#8243;][vc_column width=&#8220;1\/3&#8243; css=&#8220;.vc_custom_1522139756730{padding-top: 10% !important;padding-bottom: 10% !important;background-image: url(http:\/\/hoteleverestarco.it\/wp-content\/uploads\/2018\/03\/camere_h.jpg?id=1438) !important;background-position: center !important;background-repeat: no-repeat !important;background-size: cover !important;}&#8220;][mk_fancy_title color=&#8220;#ffffff&#8220; margin_bottom=&#8220;0&#8243; font_family=&#8220;none&#8220; align=&#8220;center&#8220;]\n<h2><span style=\"color: #ffffff;\">Zimmer<\/span><\/h2>\n[\/mk_fancy_title][vc_column_text align=&#8220;center&#8220; css=&#8220;.vc_custom_1527237895406{margin-bottom: 0px !important;}&#8220;]<span style=\"color: #ffffff;\">Suchen Sie ihr Lieblingszimmer aus!<\/span>[\/vc_column_text][mk_button dimension=&#8220;flat&#8220; size=&#8220;medium&#8220; url=&#8220;\/zimmer\/&#8220; align=&#8220;center&#8220; margin_right=&#8220;0&#8243;]WEITERLESEN[\/mk_button][\/vc_column][vc_column width=&#8220;1\/3&#8243; css=&#8220;.vc_custom_1656921353275{padding-top: 10% !important;padding-bottom: 10% !important;background-image: url(http:\/\/hoteleverestarco.it\/wp-content\/uploads\/2018\/03\/ristorante_h.jpg?id=1441) !important;background-position: center !important;background-repeat: no-repeat !important;background-size: cover !important;}&#8220;][mk_fancy_title color=&#8220;#ffffff&#8220; margin_bottom=&#8220;0&#8243; font_family=&#8220;none&#8220; align=&#8220;center&#8220;]\n<h2><span style=\"color: #ffffff;\">Fr\u00fchst\u00fcck<\/span><\/h2>\n[\/mk_fancy_title][vc_column_text align=&#8220;center&#8220; css=&#8220;.vc_custom_1656920535547{margin-bottom: 0px !important;}&#8220;]<span style=\"color: #ffffff;\">S\u00fc\u00df und herzhaft<\/span>[\/vc_column_text][mk_button dimension=&#8220;flat&#8220; size=&#8220;medium&#8220; url=&#8220;\/de\/fruehstueck\/&#8220; align=&#8220;center&#8220; margin_right=&#8220;0&#8243;]WEITERLESEN[\/mk_button][\/vc_column][vc_column width=&#8220;1\/3&#8243; css=&#8220;.vc_custom_1536835422757{padding-top: 10% !important;padding-bottom: 10% !important;background-image: url(https:\/\/www.hoteleverestarco.it\/wp-content\/uploads\/2018\/09\/dgl_4191.jpg?id=1974) !important;background-position: center !important;background-repeat: no-repeat !important;background-size: cover !important;}&#8220;][mk_fancy_title color=&#8220;#ffffff&#8220; margin_bottom=&#8220;0&#8243; font_family=&#8220;none&#8220; align=&#8220;center&#8220;]\n<h2><span style=\"color: #ffffff;\">Angebote<\/span><\/h2>\n[\/mk_fancy_title][vc_column_text align=&#8220;center&#8220; css=&#8220;.vc_custom_1527237936725{margin-bottom: 0px !important;}&#8220;]<span style=\"color: #ffffff;\">Entdecken Sie unsere Angebote<\/span>[\/vc_column_text][mk_button dimension=&#8220;flat&#8220; size=&#8220;medium&#8220; url=&#8220;https:\/\/www.simplebooking.it\/ibe\/hotelbooking\/search?hid=4563&amp;lang=de&#8220; target=&#8220;_blank&#8220; align=&#8220;center&#8220; margin_right=&#8220;0&#8243;]WEITERLESEN[\/mk_button][\/vc_column][\/mk_page_section][mk_page_section min_height=&#8220;200&#8243; padding_top=&#8220;100&#8243; padding_bottom=&#8220;100&#8243; sidebar=&#8220;sidebar-1&#8243;][vc_column css=&#8220;.vc_custom_1495639660844{padding: 10{6973f8c0eae5720cd5ce39209edbcd560e785b58343d36882e1867d6d081cffa} !important;}&#8220;][mk_fancy_title font_family=&#8220;none&#8220;]\n<h2 style=\"text-align: center;\"><span style=\"color: #005379;\">Entspannung im Hotel Everest Arco, Ihrem Hotel in Arco<\/span><\/h2>\n[\/mk_fancy_title][vc_column_text css=&#8220;.vc_custom_1630052918356{margin-bottom: 0px !important;}&#8220;]Die ideale Lage, um die Sch\u00f6nheit des Gardasees zu erkunden, ist dabei nicht der einzige Vorteil, den das Hotel Everest Arco, Ihr Hotel in Arco, Ihnen bietet. Denn schlie\u00dflich besteht ein Urlaub nicht nur aus Abenteuer und Unterhaltung, sondern auch aus einer geh\u00f6rigen Portion Entspannung. Die finden Sie nicht zuletzt an unserem Pool.<\/p>\n<p>Das Schwimmbad liegt in einem der hoteleigenen G\u00e4rten, Liegen und Liegest\u00fchle stehen dort ebenso bereit, wie alles andere, das es f\u00fcr ein entspanntes Ausklingen eines ereignisreichen Tages am Gardasee braucht.<\/p>\n<p>\u00dcber die Umkleidekabinen hat man vom Pool aus einen direkten Zugang zum Hotel und zu unserem Fitnessraum, der allen offen steht, die sich im Urlaub (oder auch nur auf der Durchreise) in Form halten wollen.[\/vc_column_text][\/vc_column][\/mk_page_section][mk_page_section bg_color=&#8220;#005379&#8243; bg_position=&#8220;center center&#8220; min_height=&#8220;300&#8243; full_width=&#8220;true&#8220; js_vertical_centered=&#8220;true&#8220; sidebar=&#8220;sidebar-1&#8243;][vc_column][vc_column_text css=&#8220;.vc_custom_1527238629669{margin-bottom: 0px !important;}&#8220;]\n<h2 style=\"text-align: center;\"><span style=\"color: #ffffff;\">Also, das Hotel Everest Arco,<\/span><\/h2>\n<h2 style=\"text-align: center;\"><span style=\"color: #ffffff;\">Ihr Hotel in Arco am Gardasee, wartet auf Sie.<\/span><\/h2>\n<h3 style=\"text-align: center;\"><span style=\"color: #ffffff;\">Und worauf warten Sie noch?<\/span><\/h3>\n[\/vc_column_text][mk_button dimension=&#8220;flat&#8220; size=&#8220;medium&#8220; url=&#8220;https:\/\/www.simplebooking.it\/ibe\/hotelbooking\/search?hid=4563&amp;lang=de&#8220; target=&#8220;_blank&#8220; align=&#8220;center&#8220; margin_right=&#8220;0&#8243;]MEHR ERFAHREN[\/mk_button][\/vc_column][\/mk_page_section]\n<\/div>","protected":false},"excerpt":{"rendered":"<p>[vc_row fullwidth=&#8220;true&#8220; css=&#8220;.vc_custom_1536835396573{margin-top: 0px !important;margin-right: 0px !important;margin-bottom: 0px !important;margin-left: 0px !important;border-top-width: 0px !important;border-right-width: 0px !important;border-bottom-width: 0px !important;border-left-width: 0px !important;padding-top: 0px !important;padding-right: 0px !important;padding-bottom: 0px !important;padding-left: 0px !important;background-image: url(https:\/\/www.hoteleverestarco.it\/wp-content\/uploads\/2018\/09\/hotel.jpg?id=1998) !important;background-position: center !important;background-repeat: no-repeat !important;background-size: cover !important;}&#8220;][vc_column][mk_padding_divider size=&#8220;650&#8243;][\/vc_column][\/vc_row][mk_page_section min_height=&#8220;200&#8243; padding_top=&#8220;100&#8243; padding_bottom=&#8220;100&#8243; sidebar=&#8220;sidebar-1&#8243;][vc_column css=&#8220;.vc_custom_1495639660844{padding: 10{6973f8c0eae5720cd5ce39209edbcd560e785b58343d36882e1867d6d081cffa} !important;}&#8220;][mk_fancy_title font_family=&#8220;none&#8220;] Hotel Everest Arco: Ihr Hotel in Arco am Gardasee [\/mk_fancy_title][vc_column_text css=&#8220;.vc_custom_1526549988101{margin-bottom: [&hellip;]<\/p>\n","protected":false},"author":1,"featured_media":0,"parent":0,"menu_order":19,"comment_status":"closed","ping_status":"closed","template":"","meta":{"footnotes":""},"class_list":["post-1754","page","type-page","status-publish","hentry"],"_links":{"self":[{"href":"https:\/\/www.hoteleverestarco.it\/de\/wp-json\/wp\/v2\/pages\/1754","targetHints":{"allow":["GET"]}}],"collection":[{"href":"https:\/\/www.hoteleverestarco.it\/de\/wp-json\/wp\/v2\/pages"}],"about":[{"href":"https:\/\/www.hoteleverestarco.it\/de\/wp-json\/wp\/v2\/types\/page"}],"author":[{"embeddable":true,"href":"https:\/\/www.hoteleverestarco.it\/de\/wp-json\/wp\/v2\/users\/1"}],"replies":[{"embeddable":true,"href":"https:\/\/www.hoteleverestarco.it\/de\/wp-json\/wp\/v2\/comments?post=1754"}],"version-history":[{"count":11,"href":"https:\/\/www.hoteleverestarco.it\/de\/wp-json\/wp\/v2\/pages\/1754\/revisions"}],"predecessor-version":[{"id":2199,"href":"https:\/\/www.hoteleverestarco.it\/de\/wp-json\/wp\/v2\/pages\/1754\/revisions\/2199"}],"wp:attachment":[{"href":"https:\/\/www.hoteleverestarco.it\/de\/wp-json\/wp\/v2\/media?parent=1754"}],"curies":[{"name":"wp","href":"https:\/\/api.w.org\/{rel}","templated":true}]}}