{"id":1758,"date":"2017-05-25T17:17:25","date_gmt":"2017-05-25T15:17:25","guid":{"rendered":"http:\/\/hoteleverestarco.it\/garda-in-moto\/"},"modified":"2018-05-25T11:07:47","modified_gmt":"2018-05-25T09:07:47","slug":"motorradfahren-am-gardasee","status":"publish","type":"page","link":"https:\/\/www.hoteleverestarco.it\/de\/motorradfahren-am-gardasee\/","title":{"rendered":"Motorradfahren am Gardasee"},"content":{"rendered":"<div class=\"wpb-content-wrapper\">[mk_page_section min_height=&#8220;200&#8243; padding_top=&#8220;100&#8243; padding_bottom=&#8220;100&#8243; sidebar=&#8220;sidebar-1&#8243;][vc_column css=&#8220;.vc_custom_1495639660844{padding: 10{6973f8c0eae5720cd5ce39209edbcd560e785b58343d36882e1867d6d081cffa} !important;}&#8220;][mk_fancy_title font_family=&#8220;none&#8220;]\n<h1 style=\"text-align: center;\"><span style=\"color: #005379;\">Der Gardasee vom Motorradsattel aus<\/span><\/h1>\n[\/mk_fancy_title][vc_column_text css=&#8220;.vc_custom_1526638829227{margin-bottom: 0px !important;}&#8220;]Mildes Klima, atemberaubende Landschaft und spektakul\u00e4re Stra\u00dfen: Motorradfahrer f\u00fchlen sich am Gardasee, als w\u00e4ren sie im Paradies. Wer also die unvergleichliche Landschaft um Arco und den Gardasee vom Motorradsattel aus erkunden m\u00f6chte, findet hier eine Reihe von Vorschl\u00e4gen f\u00fcr lohnende Touren.[\/vc_column_text][\/vc_column][\/mk_page_section][vc_row fullwidth=&#8220;true&#8220; css=&#8220;.vc_custom_1523457926311{background-color: #005379 !important;background-position: center !important;background-repeat: no-repeat !important;background-size: cover !important;}&#8220;][vc_column][mk_blog style=&#8220;spotlight&#8220; cat=&#8220;6&#8243;][\/vc_column][\/vc_row]\n<\/div>","protected":false},"excerpt":{"rendered":"<p>[mk_page_section min_height=&#8220;200&#8243; padding_top=&#8220;100&#8243; padding_bottom=&#8220;100&#8243; sidebar=&#8220;sidebar-1&#8243;][vc_column css=&#8220;.vc_custom_1495639660844{padding: 10{6973f8c0eae5720cd5ce39209edbcd560e785b58343d36882e1867d6d081cffa} !important;}&#8220;][mk_fancy_title font_family=&#8220;none&#8220;] Der Gardasee vom Motorradsattel aus [\/mk_fancy_title][vc_column_text css=&#8220;.vc_custom_1526638829227{margin-bottom: 0px !important;}&#8220;]Mildes Klima, atemberaubende Landschaft und spektakul\u00e4re Stra\u00dfen: Motorradfahrer f\u00fchlen sich am Gardasee, als w\u00e4ren sie im Paradies. Wer also die unvergleichliche Landschaft um Arco und den Gardasee vom Motorradsattel aus erkunden m\u00f6chte, findet hier eine Reihe von Vorschl\u00e4gen [&hellip;]<\/p>\n","protected":false},"author":1,"featured_media":0,"parent":0,"menu_order":26,"comment_status":"closed","ping_status":"closed","template":"","meta":{"footnotes":""},"class_list":["post-1758","page","type-page","status-publish","hentry"],"_links":{"self":[{"href":"https:\/\/www.hoteleverestarco.it\/de\/wp-json\/wp\/v2\/pages\/1758","targetHints":{"allow":["GET"]}}],"collection":[{"href":"https:\/\/www.hoteleverestarco.it\/de\/wp-json\/wp\/v2\/pages"}],"about":[{"href":"https:\/\/www.hoteleverestarco.it\/de\/wp-json\/wp\/v2\/types\/page"}],"author":[{"embeddable":true,"href":"https:\/\/www.hoteleverestarco.it\/de\/wp-json\/wp\/v2\/users\/1"}],"replies":[{"embeddable":true,"href":"https:\/\/www.hoteleverestarco.it\/de\/wp-json\/wp\/v2\/comments?post=1758"}],"version-history":[{"count":3,"href":"https:\/\/www.hoteleverestarco.it\/de\/wp-json\/wp\/v2\/pages\/1758\/revisions"}],"predecessor-version":[{"id":1877,"href":"https:\/\/www.hoteleverestarco.it\/de\/wp-json\/wp\/v2\/pages\/1758\/revisions\/1877"}],"wp:attachment":[{"href":"https:\/\/www.hoteleverestarco.it\/de\/wp-json\/wp\/v2\/media?parent=1758"}],"curies":[{"name":"wp","href":"https:\/\/api.w.org\/{rel}","templated":true}]}}