{"id":1765,"date":"2017-05-25T16:43:22","date_gmt":"2017-05-25T14:43:22","guid":{"rendered":"http:\/\/hoteleverestarco.it\/itinerari\/"},"modified":"2018-09-13T12:47:38","modified_gmt":"2018-09-13T10:47:38","slug":"touren","status":"publish","type":"page","link":"https:\/\/www.hoteleverestarco.it\/de\/touren\/","title":{"rendered":"Touren"},"content":{"rendered":"[mk_page_section min_height=&#8220;200&#8243; padding_top=&#8220;100&#8243; padding_bottom=&#8220;100&#8243; sidebar=&#8220;sidebar-1&#8243;][vc_column css=&#8220;.vc_custom_1495639660844{padding: 10{6973f8c0eae5720cd5ce39209edbcd560e785b58343d36882e1867d6d081cffa} !important;}&#8220;][mk_fancy_title font_family=&#8220;none&#8220;]\n<h1 style=\"text-align: center;\"><span style=\"color: #005379;\">Rund um Arco und den Gardasee<\/span><\/h1>\n[\/mk_fancy_title][vc_column_text css=&#8220;.vc_custom_1526638667710{margin-bottom: 0px !important;}&#8220;]Wer frische Luft liebt, f\u00fchlt sich am Gardasee nahezu automatisch wohl. Deshalb haben wir in diesem Bereich eine ganze Reihe von Vorschl\u00e4gen f\u00fcr Touren rund um Arco und den Gardasee gesammelt: f\u00fcr Motorradfahrer und nicht nur.[\/vc_column_text][\/vc_column][\/mk_page_section][mk_page_section full_width=&#8220;true&#8220; js_vertical_centered=&#8220;true&#8220; padding_top=&#8220;0&#8243; padding_bottom=&#8220;0&#8243; sidebar=&#8220;sidebar-1&#8243;][vc_column width=&#8220;1\/2&#8243; css=&#8220;.vc_custom_1536835654898{background-image: url(https:\/\/www.hoteleverestarco.it\/wp-content\/uploads\/2018\/09\/outdoor.jpg?id=1978) !important;background-position: center !important;background-repeat: no-repeat !important;background-size: cover !important;}&#8220;][mk_padding_divider size=&#8220;450&#8243;][mk_fancy_title color=&#8220;#ffffff&#8220; font_family=&#8220;none&#8220; align=&#8220;center&#8220;]\n<h2><span style=\"color: #ffffff;\">Outdoor<\/span><\/h2>\n[\/mk_fancy_title][mk_button dimension=&#8220;flat&#8220; size=&#8220;medium&#8220; url=&#8220;outdoor&#8220; align=&#8220;center&#8220; margin_right=&#8220;0&#8243;]Mehr erfahren[\/mk_button][mk_padding_divider size=&#8220;100&#8243;][\/vc_column][vc_column width=&#8220;1\/2&#8243; css=&#8220;.vc_custom_1523284298493{background-image: url(http:\/\/hoteleverestarco.it\/wp-content\/uploads\/2018\/04\/dsc_0516.jpg?id=1562) !important;background-position: center !important;background-repeat: no-repeat !important;background-size: cover !important;}&#8220;][mk_padding_divider size=&#8220;450&#8243;][mk_fancy_title color=&#8220;#ffffff&#8220; font_family=&#8220;none&#8220; align=&#8220;center&#8220;]\n<h2><span style=\"color: #ffffff;\">Motorradfahren am Gardasee<\/span><\/h2>\n[\/mk_fancy_title][mk_button dimension=&#8220;flat&#8220; size=&#8220;medium&#8220; url=&#8220;motorradfahren-am-gardasee&#8220; align=&#8220;center&#8220; margin_right=&#8220;0&#8243;]Mehr erfahren[\/mk_button][mk_padding_divider size=&#8220;100&#8243;][\/vc_column][\/mk_page_section]\n","protected":false},"excerpt":{"rendered":"<p>[mk_page_section min_height=&#8220;200&#8243; padding_top=&#8220;100&#8243; padding_bottom=&#8220;100&#8243; sidebar=&#8220;sidebar-1&#8243;][vc_column css=&#8220;.vc_custom_1495639660844{padding: 10{6973f8c0eae5720cd5ce39209edbcd560e785b58343d36882e1867d6d081cffa} !important;}&#8220;][mk_fancy_title font_family=&#8220;none&#8220;] Rund um Arco und den Gardasee [\/mk_fancy_title][vc_column_text css=&#8220;.vc_custom_1526638667710{margin-bottom: 0px !important;}&#8220;]Wer frische Luft liebt, f\u00fchlt sich am Gardasee nahezu automatisch wohl. Deshalb haben wir in diesem Bereich eine ganze Reihe von Vorschl\u00e4gen f\u00fcr Touren rund um Arco und den Gardasee gesammelt: f\u00fcr Motorradfahrer und nicht nur.[\/vc_column_text][\/vc_column][\/mk_page_section][mk_page_section full_width=&#8220;true&#8220; [&hellip;]<\/p>\n","protected":false},"author":1,"featured_media":0,"parent":0,"menu_order":25,"comment_status":"closed","ping_status":"closed","template":"","meta":{"footnotes":""},"class_list":["post-1765","page","type-page","status-publish","hentry"],"_links":{"self":[{"href":"https:\/\/www.hoteleverestarco.it\/de\/wp-json\/wp\/v2\/pages\/1765","targetHints":{"allow":["GET"]}}],"collection":[{"href":"https:\/\/www.hoteleverestarco.it\/de\/wp-json\/wp\/v2\/pages"}],"about":[{"href":"https:\/\/www.hoteleverestarco.it\/de\/wp-json\/wp\/v2\/types\/page"}],"author":[{"embeddable":true,"href":"https:\/\/www.hoteleverestarco.it\/de\/wp-json\/wp\/v2\/users\/1"}],"replies":[{"embeddable":true,"href":"https:\/\/www.hoteleverestarco.it\/de\/wp-json\/wp\/v2\/comments?post=1765"}],"version-history":[{"count":7,"href":"https:\/\/www.hoteleverestarco.it\/de\/wp-json\/wp\/v2\/pages\/1765\/revisions"}],"predecessor-version":[{"id":2006,"href":"https:\/\/www.hoteleverestarco.it\/de\/wp-json\/wp\/v2\/pages\/1765\/revisions\/2006"}],"wp:attachment":[{"href":"https:\/\/www.hoteleverestarco.it\/de\/wp-json\/wp\/v2\/media?parent=1765"}],"curies":[{"name":"wp","href":"https:\/\/api.w.org\/{rel}","templated":true}]}}