{"id":1773,"date":"2017-05-25T15:49:18","date_gmt":"2017-05-25T13:49:18","guid":{"rendered":"http:\/\/hoteleverestarco.it\/gruppi\/"},"modified":"2026-02-28T19:26:18","modified_gmt":"2026-02-28T18:26:18","slug":"gruppen","status":"publish","type":"page","link":"https:\/\/www.hoteleverestarco.it\/de\/gruppen\/","title":{"rendered":"Gruppen"},"content":{"rendered":"<div class=\"wpb-content-wrapper\">[vc_row fullwidth=&#8220;true&#8220; column_padding=&#8220;0&#8243; css=&#8220;.vc_custom_1772303172929{background-image: url(https:\/\/www.hoteleverestarco.it\/wp-content\/uploads\/2026\/02\/gemini_generated_image_bcpmlebcpmlebcpm.png?id=4392) !important;background-position: center !important;background-repeat: no-repeat !important;background-size: cover !important;}&#8220;][vc_column][mk_padding_divider size=&#8220;700&#8243;][\/vc_column][\/vc_row][mk_page_section min_height=&#8220;200&#8243; padding_top=&#8220;100&#8243; padding_bottom=&#8220;100&#8243; sidebar=&#8220;sidebar-1&#8243;][vc_column css=&#8220;.vc_custom_1495639660844{padding: 10{6973f8c0eae5720cd5ce39209edbcd560e785b58343d36882e1867d6d081cffa} !important;}&#8220;][mk_fancy_title font_family=&#8220;none&#8220;]\n<h1 style=\"text-align: center;\"><span style=\"color: #005379;\">Teams, Reisebusse, Reisegruppen: Im Hotel Everest Arco sind alle willkommen!<\/span><\/h1>\n[\/mk_fancy_title][vc_column_text css=&#8220;.vc_custom_1630052777810{margin-bottom: 0px !important;}&#8220;]Nicht alle Hotels sind erpicht darauf, Reisegruppen zu beherbergen. Warum? Ganz einfach: Gruppen haben besondere Bed\u00fcrfnisse, stellen besondere Anforderungen, bieten besondere Herausforderungen. Da braucht es einiges an Organisation, um dem entgegenkommen zu k\u00f6nnen.<\/p>\n<p>Im Hotel Everest Arco sind wir auf den Empfang von gro\u00dfen Gruppen von Reisenden eingestellt, egal, ob es nun Reisebusse sind, die bei uns Halt machen, Teams, die bei uns absteigen, oder auch nur kleine Gruppen von Freunden, die die Gegend um den Gardasee aus dem Sattel eines Motorrades oder eines Fahrrades erkunden.<\/p>\n<p>Mehr noch: Damit sich Reisegruppen bei uns wohl f\u00fchlen, sind wir nicht nur auf ihre Bed\u00fcrfnisse eingestellt, sondern bieten ihnen eine gro\u00dfe Vielfalt an ma\u00dfgeschneiderten Dienstleistungen und Angeboten.<\/p>\n<p>Das f\u00e4ngt schon bei den beiden gro\u00dfen Hotelparkpl\u00e4tzen an, auf denen auch Reisebusse bequem Platz finden. Dazu verf\u00fcgen wir \u00fcber einen hoteleigenen Waschsalon mit Waschmaschinen und Trocknern. Und speziell f\u00fcr Biker stehen auch eine kleine Werkstatt sowie eine \u00fcberwachte Fahrradgarage zur Verf\u00fcgung.<\/p>\n<p>Damit niemand unn\u00f6tig gestresst wird, sind wir dar\u00fcber hinaus zeitlich \u00fcberaus flexibel. Das betrifft die Abreise (auch am Abend) ebenso wie das Fr\u00fchst\u00fcck, das serviert wird, wann immer es Ihnen zupass kommt.[\/vc_column_text][\/vc_column][\/mk_page_section][mk_page_section bg_color=&#8220;#005379&#8243; bg_position=&#8220;center center&#8220; min_height=&#8220;300&#8243; full_width=&#8220;true&#8220; js_vertical_centered=&#8220;true&#8220; sidebar=&#8220;sidebar-1&#8243;][vc_column][vc_column_text css=&#8220;.vc_custom_1526568001919{margin-bottom: 0px !important;}&#8220;]\n<h2 style=\"text-align: center;\"><span style=\"color: #ffffff;\">Sind Sie interessiert an einem Aufenthalt im Hotel Everest Arco?<\/span><\/h2>\n<h3 style=\"text-align: center;\"><span style=\"color: #ffffff;\">Dann fordern Sie unverbindlich ein Angebot an!<\/span><\/h3>\n[\/vc_column_text][mk_button dimension=&#8220;flat&#8220; size=&#8220;medium&#8220; letter_spacing=&#8220;0&#8243; url=&#8220;https:\/\/www.hoteleverestarco.it\/de\/anfrage\/&#8220; align=&#8220;center&#8220; button_custom_width=&#8220;0&#8243; margin_top=&#8220;0&#8243; margin_bottom=&#8220;15&#8243; margin_right=&#8220;0&#8243;]MEHR ERFAHREN[\/mk_button][\/vc_column][\/mk_page_section]\n<\/div>","protected":false},"excerpt":{"rendered":"<p>[vc_row fullwidth=&#8220;true&#8220; column_padding=&#8220;0&#8243; css=&#8220;.vc_custom_1772303172929{background-image: url(https:\/\/www.hoteleverestarco.it\/wp-content\/uploads\/2026\/02\/gemini_generated_image_bcpmlebcpmlebcpm.png?id=4392) !important;background-position: center !important;background-repeat: no-repeat !important;background-size: cover !important;}&#8220;][vc_column][mk_padding_divider size=&#8220;700&#8243;][\/vc_column][\/vc_row][mk_page_section min_height=&#8220;200&#8243; padding_top=&#8220;100&#8243; padding_bottom=&#8220;100&#8243; sidebar=&#8220;sidebar-1&#8243;][vc_column css=&#8220;.vc_custom_1495639660844{padding: 10{6973f8c0eae5720cd5ce39209edbcd560e785b58343d36882e1867d6d081cffa} !important;}&#8220;][mk_fancy_title font_family=&#8220;none&#8220;] Teams, Reisebusse, Reisegruppen: Im Hotel Everest Arco sind alle willkommen! [\/mk_fancy_title][vc_column_text css=&#8220;.vc_custom_1630052777810{margin-bottom: 0px !important;}&#8220;]Nicht alle Hotels sind erpicht darauf, Reisegruppen zu beherbergen. Warum? Ganz einfach: Gruppen haben besondere Bed\u00fcrfnisse, stellen besondere Anforderungen, bieten besondere [&hellip;]<\/p>\n","protected":false},"author":1,"featured_media":0,"parent":0,"menu_order":11,"comment_status":"closed","ping_status":"closed","template":"","meta":{"footnotes":""},"class_list":["post-1773","page","type-page","status-publish","hentry"],"_links":{"self":[{"href":"https:\/\/www.hoteleverestarco.it\/de\/wp-json\/wp\/v2\/pages\/1773","targetHints":{"allow":["GET"]}}],"collection":[{"href":"https:\/\/www.hoteleverestarco.it\/de\/wp-json\/wp\/v2\/pages"}],"about":[{"href":"https:\/\/www.hoteleverestarco.it\/de\/wp-json\/wp\/v2\/types\/page"}],"author":[{"embeddable":true,"href":"https:\/\/www.hoteleverestarco.it\/de\/wp-json\/wp\/v2\/users\/1"}],"replies":[{"embeddable":true,"href":"https:\/\/www.hoteleverestarco.it\/de\/wp-json\/wp\/v2\/comments?post=1773"}],"version-history":[{"count":7,"href":"https:\/\/www.hoteleverestarco.it\/de\/wp-json\/wp\/v2\/pages\/1773\/revisions"}],"predecessor-version":[{"id":4406,"href":"https:\/\/www.hoteleverestarco.it\/de\/wp-json\/wp\/v2\/pages\/1773\/revisions\/4406"}],"wp:attachment":[{"href":"https:\/\/www.hoteleverestarco.it\/de\/wp-json\/wp\/v2\/media?parent=1773"}],"curies":[{"name":"wp","href":"https:\/\/api.w.org\/{rel}","templated":true}]}}